{"id":20632,"date":"2025-05-27T21:01:38","date_gmt":"2025-05-28T01:01:38","guid":{"rendered":"https:\/\/btechrigs.wpenginepowered.com\/?post_type=product&#038;p=20632"},"modified":"2026-04-06T15:11:10","modified_gmt":"2026-04-06T19:11:10","slug":"shadow-beast","status":"publish","type":"product","link":"https:\/\/btechandrigs.com\/en\/product\/shadow-beast\/","title":{"rendered":"SHADOW BEAST"},"content":{"rendered":"<p><strong>Modelo: <\/strong>Shadow Beast<\/p>\n<div class=\"relative flex-col gap-1 md:gap-3\">\n<div class=\"flex max-w-full flex-col grow\">\n<div class=\"min-h-8 text-message relative flex w-full flex-col items-end gap-2 text-start break-words whitespace-normal [.text-message+&amp;]:mt-5\" dir=\"auto\" data-message-author-role=\"assistant\" data-message-id=\"3fb6009d-2b46-4476-8dbe-c14f4ffe0bc3\" data-message-model-slug=\"o3\">\n<div class=\"flex w-full flex-col gap-1 empty:hidden first:pt-[3px]\">\n<div class=\"markdown prose dark:prose-invert w-full break-words dark\">\n<p data-start=\"0\" data-end=\"315\" data-is-last-node=\"\" data-is-only-node=\"\">Ad\u00e9ntrate en territorio \u00e9lite con esta potente PC dise\u00f1ada para dominar en gaming, streaming, trabajo y tareas creativas. Preparada para futuras actualizaciones gracias a la plataforma AM5. Construida con componentes de alta gama y envuelta en un sigiloso chasis negro, esta m\u00e1quina es puro rendimiento, sin l\u00edmites.<\/p>\n<\/div>\n<\/div>\n<\/div>\n<\/div>\n<\/div>\n<p><strong>FPS:<\/strong><\/p>\n<p><strong>250+ FPS<\/strong> @1440P var\u00edan dependiendo del juego.<\/p>\n<h3><strong>Especificaciones:<\/strong><\/h3>\n<p>Sistema Operativo Pre-optimizado por BTECH &amp; RIGS<\/p>\n<p><strong>Color:<\/strong> Negro<\/p>\n<p><strong>Enfriamiento CPU:<span>\u00a0<\/span><\/strong><span>Enfriamiento l\u00edquido 360mm con pantalla AIO<\/span><\/p>\n<p><strong>CPU:<\/strong> AMD Ryzen 7 9800X3D<\/p>\n<p><strong>CPU Socket:<\/strong> AM5<\/p>\n<p><strong>Placa madre:<\/strong> X870E<\/p>\n<p><strong>GPU:<\/strong> NVIDIA RTX 5080<\/p>\n<p><strong>RAM:<\/strong> 32GB DDR5<\/p>\n<p><strong>Almacenamiento:<\/strong> 2 TB NVME SSD<\/p>\n<p><strong>Fuente de poder:<\/strong> 1000W<\/p>\n<p><strong>Sistema Operativo:<\/strong> Windows 11 Pro<\/p>\n","protected":false},"excerpt":{"rendered":"<p>Enter elite territory with this powerful PC designed to dominate gaming, streaming, work, and creative tasks. Future-proof thanks to the AM5 platform. Built with high-end components and encased in a stealthy black chassis, this machine delivers pure, uncompromised performance.<\/p>\n<p>**Equipment includes a free 1-year warranty. You can come and see our\u00a0<a href=\"https:\/\/btechandrigs.com\/en\/poliza-de-terminos-y-condiciones-garantia\/\">Terms, Conditions and Limited Warranty Policy<\/a>If you want the <a href=\"https:\/\/btechandrigs.com\/en\/garantia-extendida-de-2-anos\/\">2-Year Extended Warranty<\/a> Select the option when placing your order.**<\/p>","protected":false},"featured_media":20715,"comment_status":"open","ping_status":"closed","template":"","meta":{"om_disable_all_campaigns":false,"_monsterinsights_skip_tracking":false,"_monsterinsights_sitenote_active":false,"_monsterinsights_sitenote_note":"","_monsterinsights_sitenote_category":0,"_joinchat":[]},"product_brand":[],"product_cat":[60],"product_tag":[64],"class_list":{"0":"post-20632","1":"product","2":"type-product","3":"status-publish","4":"has-post-thumbnail","6":"product_cat-pcs","7":"product_tag-nvidia","9":"first","10":"onbackorder","11":"taxable","12":"shipping-taxable","13":"purchasable","14":"product-type-simple"},"_links":{"self":[{"href":"https:\/\/btechandrigs.com\/en\/wp-json\/wp\/v2\/product\/20632","targetHints":{"allow":["GET"]}}],"collection":[{"href":"https:\/\/btechandrigs.com\/en\/wp-json\/wp\/v2\/product"}],"about":[{"href":"https:\/\/btechandrigs.com\/en\/wp-json\/wp\/v2\/types\/product"}],"replies":[{"embeddable":true,"href":"https:\/\/btechandrigs.com\/en\/wp-json\/wp\/v2\/comments?post=20632"}],"version-history":[{"count":0,"href":"https:\/\/btechandrigs.com\/en\/wp-json\/wp\/v2\/product\/20632\/revisions"}],"wp:featuredmedia":[{"embeddable":true,"href":"https:\/\/btechandrigs.com\/en\/wp-json\/wp\/v2\/media\/20715"}],"wp:attachment":[{"href":"https:\/\/btechandrigs.com\/en\/wp-json\/wp\/v2\/media?parent=20632"}],"wp:term":[{"taxonomy":"product_brand","embeddable":true,"href":"https:\/\/btechandrigs.com\/en\/wp-json\/wp\/v2\/product_brand?post=20632"},{"taxonomy":"product_cat","embeddable":true,"href":"https:\/\/btechandrigs.com\/en\/wp-json\/wp\/v2\/product_cat?post=20632"},{"taxonomy":"product_tag","embeddable":true,"href":"https:\/\/btechandrigs.com\/en\/wp-json\/wp\/v2\/product_tag?post=20632"}],"curies":[{"name":"wp","href":"https:\/\/api.w.org\/{rel}","templated":true}]}}