{"id":20492,"date":"2024-11-24T12:32:28","date_gmt":"2024-11-24T16:32:28","guid":{"rendered":"https:\/\/btechrigs.wpenginepowered.com\/?page_id=20492"},"modified":"2024-12-03T21:38:57","modified_gmt":"2024-12-04T01:38:57","slug":"reinstalacion-de-sistema-operativo-y-drivers","status":"publish","type":"page","link":"https:\/\/btechandrigs.com\/en\/servicios\/reinstalacion-de-sistema-operativo-y-drivers\/","title":{"rendered":"Reinstalling the Operating System and Drivers"},"content":{"rendered":"<div data-elementor-type=\"wp-page\" data-elementor-id=\"20492\" class=\"elementor elementor-20492\">\n\t\t\t\t\t\t<section class=\"elementor-section elementor-top-section elementor-element elementor-element-695e990 elementor-section-boxed elementor-section-height-default elementor-section-height-default\" data-id=\"695e990\" data-element_type=\"section\" data-e-type=\"section\" data-settings=\"{&quot;background_background&quot;:&quot;classic&quot;}\">\n\t\t\t\t\t\t<div class=\"elementor-container elementor-column-gap-default\">\n\t\t\t\t\t<div class=\"elementor-column elementor-col-100 elementor-top-column elementor-element elementor-element-e5826f5\" data-id=\"e5826f5\" data-element_type=\"column\" data-e-type=\"column\">\n\t\t\t<div class=\"elementor-widget-wrap elementor-element-populated\">\n\t\t\t\t\t\t<div class=\"elementor-element elementor-element-dff3c0a aleft elementor-widget elementor-widget-tpc-double-headings\" data-id=\"dff3c0a\" data-element_type=\"widget\" data-e-type=\"widget\" data-widget_type=\"tpc-double-headings.default\">\n\t\t\t\t<div class=\"elementor-widget-container\">\n\t\t\t\t\t<div class=\"tpc-double_heading\"><div class=\"dbl__subtitle\"><span>SERVICES<\/span><\/div><h3 class=\"dbl__title-wrapper\">                                    <span class=\"dbl__title dbl-title_1\">Reinstalling the Operating System and Drivers<\/span><\/h3><\/div>\t\t\t\t<\/div>\n\t\t\t\t<\/div>\n\t\t\t\t<div class=\"elementor-element elementor-element-86b89f7 elementor-widget__width-initial elementor-widget elementor-widget-text-editor\" data-id=\"86b89f7\" data-element_type=\"widget\" data-e-type=\"widget\" data-widget_type=\"text-editor.default\">\n\t\t\t\t<div class=\"elementor-widget-container\">\n\t\t\t\t\t\t\t\t\t<p><strong>What is operating system and driver reinstallation?<\/strong><\/p><p>Reinstalling your operating system and drivers involves formatting your computer to install a clean version of the operating system, eliminating errors, unnecessary files, and potential viruses. We also ensure that all essential drivers are up to date to guarantee optimal hardware performance.<\/p><p><strong>Why is it important to reinstall the operating system and drivers?<\/strong><\/p><p>Over time, the operating system can accumulate errors, temporary files, corrupted settings, or even malware that affect its performance. A complete reinstallation allows you to:<\/p><ul><li>Enjoy a faster and cleaner computer.<\/li><li>Troubleshooting persistent software problems.<\/li><li>Ensure hardware compatibility and performance with updated drivers.<\/li><\/ul><p><strong>What does our service include?<\/strong><\/p><ol><li><strong>Formatting and reinstalling the operating system<\/strong><br \/>We erase all data from the hard drive or SSD and install a fresh copy of Windows.<\/li><li><strong>Installation and updating of essential drivers<\/strong><br \/>We make sure that all necessary drivers, such as those for the graphics card, motherboard, and peripherals, are installed and up to date.<\/li><li><strong>Basic system configuration<\/strong><br \/>We customize initial settings to optimize performance and make the equipment easier to use.<\/li><li><strong>Advice on additional software<\/strong><br \/>We recommend and, if you wish, install essential programs such as browsers and productivity suites.<\/li><\/ol><p><strong>What do you need for this service?<\/strong><\/p><ul><li>A USB drive of at least <strong>8GB<\/strong> to create an installation medium.<\/li><li>The original operating system license (if required).<\/li><\/ul><p><strong>Benefits of the service<\/strong><\/p><ul><li><strong>Optimal performance:<\/strong> Removes errors and unnecessary files for a fast and smooth startup.<\/li><li><strong>Full update:<\/strong> Ensure that all hardware components function correctly.<\/li><li><strong>Troubleshooting:<\/strong> Resolves software conflicts that slow down or affect the use of the computer.<\/li><\/ul><p><strong>Why choose BTECH &amp; RIGS?<\/strong><\/p><p>In <strong>BTECH &amp; RIGS<\/strong>We ensure your computer will be like new after reinstallation. With experience in various operating systems and hardware, we offer a fast, secure, and personalized service so you can get back to enjoying your PC without any hassle.<\/p><h3><strong>Cost<\/strong><\/h3><p>$75<\/p>\t\t\t\t\t\t\t\t<\/div>\n\t\t\t\t<\/div>\n\t\t\t\t\t<\/div>\n\t\t<\/div>\n\t\t\t\t\t<\/div>\n\t\t<\/section>\n\t\t\t\t<\/div>","protected":false},"excerpt":{"rendered":"<p>SERVICIOS Reinstalaci\u00f3n de Sistema Operativo y Drivers \u00bfQu\u00e9 es la reinstalaci\u00f3n de sistema operativo y drivers? La reinstalaci\u00f3n del sistema operativo y sus drivers consiste en formatear tu equipo para instalar una versi\u00f3n limpia del sistema operativo, eliminando errores, archivos innecesarios y posibles virus. Adem\u00e1s, aseguramos que todos los controladores esenciales est\u00e9n actualizados para garantizar [&hellip;]<\/p>\n","protected":false},"author":1,"featured_media":0,"parent":10790,"menu_order":0,"comment_status":"closed","ping_status":"closed","template":"","meta":{"om_disable_all_campaigns":false,"_monsterinsights_skip_tracking":false,"_monsterinsights_sitenote_active":false,"_monsterinsights_sitenote_note":"","_monsterinsights_sitenote_category":0,"_joinchat":[],"footnotes":""},"class_list":["post-20492","page","type-page","status-publish","hentry"],"_links":{"self":[{"href":"https:\/\/btechandrigs.com\/en\/wp-json\/wp\/v2\/pages\/20492","targetHints":{"allow":["GET"]}}],"collection":[{"href":"https:\/\/btechandrigs.com\/en\/wp-json\/wp\/v2\/pages"}],"about":[{"href":"https:\/\/btechandrigs.com\/en\/wp-json\/wp\/v2\/types\/page"}],"author":[{"embeddable":true,"href":"https:\/\/btechandrigs.com\/en\/wp-json\/wp\/v2\/users\/1"}],"replies":[{"embeddable":true,"href":"https:\/\/btechandrigs.com\/en\/wp-json\/wp\/v2\/comments?post=20492"}],"version-history":[{"count":0,"href":"https:\/\/btechandrigs.com\/en\/wp-json\/wp\/v2\/pages\/20492\/revisions"}],"up":[{"embeddable":true,"href":"https:\/\/btechandrigs.com\/en\/wp-json\/wp\/v2\/pages\/10790"}],"wp:attachment":[{"href":"https:\/\/btechandrigs.com\/en\/wp-json\/wp\/v2\/media?parent=20492"}],"curies":[{"name":"wp","href":"https:\/\/api.w.org\/{rel}","templated":true}]}}