{"id":20362,"date":"2024-11-07T23:38:44","date_gmt":"2024-11-08T03:38:44","guid":{"rendered":"https:\/\/btechrigs.wpenginepowered.com\/?page_id=20362"},"modified":"2024-12-03T21:24:50","modified_gmt":"2024-12-04T01:24:50","slug":"dual-pc-setup-de-streaming","status":"publish","type":"page","link":"https:\/\/btechandrigs.com\/en\/servicios\/dual-pc-setup-de-streaming\/","title":{"rendered":"Dual PC Streaming Setup"},"content":{"rendered":"<div data-elementor-type=\"wp-page\" data-elementor-id=\"20362\" class=\"elementor elementor-20362\">\n\t\t\t\t\t\t<section class=\"elementor-section elementor-top-section elementor-element elementor-element-695e990 elementor-section-boxed elementor-section-height-default elementor-section-height-default\" data-id=\"695e990\" data-element_type=\"section\" data-e-type=\"section\" data-settings=\"{&quot;background_background&quot;:&quot;classic&quot;}\">\n\t\t\t\t\t\t<div class=\"elementor-container elementor-column-gap-default\">\n\t\t\t\t\t<div class=\"elementor-column elementor-col-100 elementor-top-column elementor-element elementor-element-e5826f5\" data-id=\"e5826f5\" data-element_type=\"column\" data-e-type=\"column\">\n\t\t\t<div class=\"elementor-widget-wrap elementor-element-populated\">\n\t\t\t\t\t\t<div class=\"elementor-element elementor-element-dff3c0a aleft elementor-widget elementor-widget-tpc-double-headings\" data-id=\"dff3c0a\" data-element_type=\"widget\" data-e-type=\"widget\" data-widget_type=\"tpc-double-headings.default\">\n\t\t\t\t<div class=\"elementor-widget-container\">\n\t\t\t\t\t<div class=\"tpc-double_heading\"><div class=\"dbl__subtitle\"><span>SERVICES<\/span><\/div><h3 class=\"dbl__title-wrapper\">                                    <span class=\"dbl__title dbl-title_1\">Dual PC Streaming Setup<\/span><\/h3><\/div>\t\t\t\t<\/div>\n\t\t\t\t<\/div>\n\t\t\t\t<div class=\"elementor-element elementor-element-86b89f7 elementor-widget__width-initial elementor-widget elementor-widget-text-editor\" data-id=\"86b89f7\" data-element_type=\"widget\" data-e-type=\"widget\" data-widget_type=\"text-editor.default\">\n\t\t\t\t<div class=\"elementor-widget-container\">\n\t\t\t\t\t\t\t\t\t<h3><strong>What is a Dual PC Streaming Setup?<\/strong><\/h3><p>The dual-PC streaming setup is an advanced configuration for those seeking the highest quality and performance in their broadcasts. This system allows one PC to handle the games while the other manages the streaming, ensuring a high-quality, uninterrupted streaming experience.<\/p><h3><strong>What does the Dual PC Streaming Setup include?<\/strong><\/h3><ul><li><strong>Hardware configuration<\/strong>We connect and synchronize the two PCs for optimal performance.<\/li><li><strong>Software configuration<\/strong>We installed and configured the streaming programs to divide the tasks between the two PCs.<\/li><li><strong>Peripheral adjustment<\/strong>We configured cameras, microphones, and other devices to work perfectly on both PCs.<\/li><\/ul><h3><strong>Advantages of Dual PC Setup<\/strong><\/h3><ul><li><strong>Maximum performance<\/strong>By splitting the processing between two PCs, you can run games at maximum quality while maintaining a smooth stream.<\/li><li><strong>Resource optimization<\/strong>The system prevents overloading a single PC, improving stability and reducing the risk of FPS drops.<\/li><li><strong>Professionalism in the broadcast<\/strong>This setup is ideal for streamers who want a professional-quality experience without sacrificing performance.<\/li><\/ul><p><strong>If you&#039;re looking for the best streaming setup without compromising the quality of your games, our Dual PC Setup is the ideal solution for you.<\/strong><\/p><h3><strong>Cost<\/strong><\/h3><p>$65<\/p>\t\t\t\t\t\t\t\t<\/div>\n\t\t\t\t<\/div>\n\t\t\t\t\t<\/div>\n\t\t<\/div>\n\t\t\t\t\t<\/div>\n\t\t<\/section>\n\t\t\t\t<\/div>","protected":false},"excerpt":{"rendered":"<p>SERVICIOS Dual PC Setup de Streaming \u00bfQu\u00e9 es un Dual PC Setup de Streaming? El setup de streaming de dos PCs es una configuraci\u00f3n avanzada para quienes buscan la m\u00e1xima calidad y rendimiento en sus transmisiones. Este sistema permite que una PC maneje los juegos y la otra se encargue del procesamiento de la transmisi\u00f3n, [&hellip;]<\/p>\n","protected":false},"author":1,"featured_media":0,"parent":10790,"menu_order":0,"comment_status":"closed","ping_status":"closed","template":"","meta":{"om_disable_all_campaigns":false,"_monsterinsights_skip_tracking":false,"_monsterinsights_sitenote_active":false,"_monsterinsights_sitenote_note":"","_monsterinsights_sitenote_category":0,"_joinchat":[],"footnotes":""},"class_list":["post-20362","page","type-page","status-publish","hentry"],"_links":{"self":[{"href":"https:\/\/btechandrigs.com\/en\/wp-json\/wp\/v2\/pages\/20362","targetHints":{"allow":["GET"]}}],"collection":[{"href":"https:\/\/btechandrigs.com\/en\/wp-json\/wp\/v2\/pages"}],"about":[{"href":"https:\/\/btechandrigs.com\/en\/wp-json\/wp\/v2\/types\/page"}],"author":[{"embeddable":true,"href":"https:\/\/btechandrigs.com\/en\/wp-json\/wp\/v2\/users\/1"}],"replies":[{"embeddable":true,"href":"https:\/\/btechandrigs.com\/en\/wp-json\/wp\/v2\/comments?post=20362"}],"version-history":[{"count":0,"href":"https:\/\/btechandrigs.com\/en\/wp-json\/wp\/v2\/pages\/20362\/revisions"}],"up":[{"embeddable":true,"href":"https:\/\/btechandrigs.com\/en\/wp-json\/wp\/v2\/pages\/10790"}],"wp:attachment":[{"href":"https:\/\/btechandrigs.com\/en\/wp-json\/wp\/v2\/media?parent=20362"}],"curies":[{"name":"wp","href":"https:\/\/api.w.org\/{rel}","templated":true}]}}