{"id":20357,"date":"2024-11-07T23:35:08","date_gmt":"2024-11-08T03:35:08","guid":{"rendered":"https:\/\/btechrigs.wpenginepowered.com\/?page_id=20357"},"modified":"2024-12-03T21:39:36","modified_gmt":"2024-12-04T01:39:36","slug":"setup-basico-de-streaming","status":"publish","type":"page","link":"https:\/\/btechandrigs.com\/en\/servicios\/setup-basico-de-streaming\/","title":{"rendered":"Basic Streaming Setup"},"content":{"rendered":"<div data-elementor-type=\"wp-page\" data-elementor-id=\"20357\" class=\"elementor elementor-20357\">\n\t\t\t\t\t\t<section class=\"elementor-section elementor-top-section elementor-element elementor-element-695e990 elementor-section-boxed elementor-section-height-default elementor-section-height-default\" data-id=\"695e990\" data-element_type=\"section\" data-e-type=\"section\" data-settings=\"{&quot;background_background&quot;:&quot;classic&quot;}\">\n\t\t\t\t\t\t<div class=\"elementor-container elementor-column-gap-default\">\n\t\t\t\t\t<div class=\"elementor-column elementor-col-100 elementor-top-column elementor-element elementor-element-e5826f5\" data-id=\"e5826f5\" data-element_type=\"column\" data-e-type=\"column\">\n\t\t\t<div class=\"elementor-widget-wrap elementor-element-populated\">\n\t\t\t\t\t\t<div class=\"elementor-element elementor-element-dff3c0a aleft elementor-widget elementor-widget-tpc-double-headings\" data-id=\"dff3c0a\" data-element_type=\"widget\" data-e-type=\"widget\" data-widget_type=\"tpc-double-headings.default\">\n\t\t\t\t<div class=\"elementor-widget-container\">\n\t\t\t\t\t<div class=\"tpc-double_heading\"><div class=\"dbl__subtitle\"><span>SERVICES<\/span><\/div><h3 class=\"dbl__title-wrapper\">                                    <span class=\"dbl__title dbl-title_1\">Basic Streaming Setup<\/span><\/h3><\/div>\t\t\t\t<\/div>\n\t\t\t\t<\/div>\n\t\t\t\t<div class=\"elementor-element elementor-element-86b89f7 elementor-widget__width-initial elementor-widget elementor-widget-text-editor\" data-id=\"86b89f7\" data-element_type=\"widget\" data-e-type=\"widget\" data-widget_type=\"text-editor.default\">\n\t\t\t\t<div class=\"elementor-widget-container\">\n\t\t\t\t\t\t\t\t\t<h3><strong>What is the basic streaming setup?<\/strong><\/h3><p>The basic streaming setup is a service designed for those who are starting out in the world of streaming and want an efficient, uncomplicated setup with all the necessary elements for a quality broadcast.<\/p><h3><strong>What does the basic streaming setup include?<\/strong><\/h3><ul><li><strong>Streaming software setup<\/strong>: Installation and settings in OBS, Streamlabs or the platform of your choice.<\/li><li><strong>Audio and video settings<\/strong>We ensure that the microphone, camera, and lighting are properly adjusted for a clear and professional broadcast.<\/li><li><strong>PC resource optimization<\/strong>: Adjustments to your computer&#039;s settings to prevent FPS drops and ensure stable performance during streaming.<\/li><\/ul><h3><strong>Benefits of the basic setup<\/strong><\/h3><ul><li><strong>Transmission quality<\/strong>With the right setup, your viewers will enjoy a smooth, high-quality stream.<\/li><li><strong>Ease of use<\/strong>Everything is ready so you can start your broadcast quickly and easily.<\/li><li><strong>Customization according to your needs<\/strong>We adjust the settings to suit the style of content you want to broadcast.<\/li><\/ul><p><strong>With our basic streaming setup, you&#039;ll be ready to connect with your audience without any technical issues.<\/strong><\/p><h3><strong>Cost<\/strong><\/h3><p>$35<\/p>\t\t\t\t\t\t\t\t<\/div>\n\t\t\t\t<\/div>\n\t\t\t\t\t<\/div>\n\t\t<\/div>\n\t\t\t\t\t<\/div>\n\t\t<\/section>\n\t\t\t\t<\/div>","protected":false},"excerpt":{"rendered":"<p>SERVICIOS Setup B\u00e1sico de Streaming \u00bfQu\u00e9 es el setup b\u00e1sico de streaming? El setup b\u00e1sico de streaming es un servicio dise\u00f1ado para aquellos que est\u00e1n comenzando en el mundo del streaming y quieren una configuraci\u00f3n eficiente, sin complicaciones y con todos los elementos necesarios para una transmisi\u00f3n de calidad. \u00bfQu\u00e9 incluye el setup b\u00e1sico de [&hellip;]<\/p>\n","protected":false},"author":1,"featured_media":0,"parent":10790,"menu_order":0,"comment_status":"closed","ping_status":"closed","template":"","meta":{"om_disable_all_campaigns":false,"_monsterinsights_skip_tracking":false,"_monsterinsights_sitenote_active":false,"_monsterinsights_sitenote_note":"","_monsterinsights_sitenote_category":0,"_joinchat":[],"footnotes":""},"class_list":["post-20357","page","type-page","status-publish","hentry"],"_links":{"self":[{"href":"https:\/\/btechandrigs.com\/en\/wp-json\/wp\/v2\/pages\/20357","targetHints":{"allow":["GET"]}}],"collection":[{"href":"https:\/\/btechandrigs.com\/en\/wp-json\/wp\/v2\/pages"}],"about":[{"href":"https:\/\/btechandrigs.com\/en\/wp-json\/wp\/v2\/types\/page"}],"author":[{"embeddable":true,"href":"https:\/\/btechandrigs.com\/en\/wp-json\/wp\/v2\/users\/1"}],"replies":[{"embeddable":true,"href":"https:\/\/btechandrigs.com\/en\/wp-json\/wp\/v2\/comments?post=20357"}],"version-history":[{"count":0,"href":"https:\/\/btechandrigs.com\/en\/wp-json\/wp\/v2\/pages\/20357\/revisions"}],"up":[{"embeddable":true,"href":"https:\/\/btechandrigs.com\/en\/wp-json\/wp\/v2\/pages\/10790"}],"wp:attachment":[{"href":"https:\/\/btechandrigs.com\/en\/wp-json\/wp\/v2\/media?parent=20357"}],"curies":[{"name":"wp","href":"https:\/\/api.w.org\/{rel}","templated":true}]}}