{"id":20348,"date":"2024-11-07T22:46:02","date_gmt":"2024-11-08T02:46:02","guid":{"rendered":"https:\/\/btechrigs.wpenginepowered.com\/?page_id=20348"},"modified":"2024-12-03T21:22:58","modified_gmt":"2024-12-04T01:22:58","slug":"consultas","status":"publish","type":"page","link":"https:\/\/btechandrigs.com\/en\/servicios\/consultas\/","title":{"rendered":"Consultations"},"content":{"rendered":"<div data-elementor-type=\"wp-page\" data-elementor-id=\"20348\" class=\"elementor elementor-20348\">\n\t\t\t\t\t\t<section class=\"elementor-section elementor-top-section elementor-element elementor-element-695e990 elementor-section-boxed elementor-section-height-default elementor-section-height-default\" data-id=\"695e990\" data-element_type=\"section\" data-e-type=\"section\" data-settings=\"{&quot;background_background&quot;:&quot;classic&quot;}\">\n\t\t\t\t\t\t<div class=\"elementor-container elementor-column-gap-default\">\n\t\t\t\t\t<div class=\"elementor-column elementor-col-100 elementor-top-column elementor-element elementor-element-e5826f5\" data-id=\"e5826f5\" data-element_type=\"column\" data-e-type=\"column\">\n\t\t\t<div class=\"elementor-widget-wrap elementor-element-populated\">\n\t\t\t\t\t\t<div class=\"elementor-element elementor-element-dff3c0a aleft elementor-widget elementor-widget-tpc-double-headings\" data-id=\"dff3c0a\" data-element_type=\"widget\" data-e-type=\"widget\" data-widget_type=\"tpc-double-headings.default\">\n\t\t\t\t<div class=\"elementor-widget-container\">\n\t\t\t\t\t<div class=\"tpc-double_heading\"><div class=\"dbl__subtitle\"><span>SERVICES<\/span><\/div><h3 class=\"dbl__title-wrapper\">                                    <span class=\"dbl__title dbl-title_1\">Consultation for Equipment Assembly or Upgrades<\/span><\/h3><\/div>\t\t\t\t<\/div>\n\t\t\t\t<\/div>\n\t\t\t\t<div class=\"elementor-element elementor-element-86b89f7 elementor-widget__width-initial elementor-widget elementor-widget-text-editor\" data-id=\"86b89f7\" data-element_type=\"widget\" data-e-type=\"widget\" data-widget_type=\"text-editor.default\">\n\t\t\t\t<div class=\"elementor-widget-container\">\n\t\t\t\t\t\t\t\t\t<h3><strong>What is a team assembly or upgrade consultation?<\/strong><\/h3><p>This service is designed to help you make informed decisions about building a custom PC or upgrading an existing system. Whether you need advice on the best components for your specific needs or recommendations for improving the performance of your current setup, we&#039;re here to guide you.<\/p><h3><strong>What is included in the consultation?<\/strong><\/h3><ul><li><strong>Needs assessment<\/strong>We analyze what you will use the equipment for (gaming, video editing, professional use) and your performance goals.<\/li><li><strong>Component selection<\/strong>We recommend specific components to ensure compatibility and optimal performance of your equipment.<\/li><li><strong>Upgrade options<\/strong>We identify key areas where your current equipment can be improved, from RAM and GPU to storage and cooling system.<\/li><\/ul><h3><strong>Benefits of scheduling a consultation<\/strong><\/h3><ul><li><strong>Saving time and money<\/strong>We help you invest in the right components from the start, avoiding unnecessary purchases.<\/li><li><strong>Customized solutions<\/strong>You receive specific recommendations tailored to your needs and budget.<\/li><li><strong>Ongoing support<\/strong>After the consultation, we remain available for any questions or adjustments you may need to make in the future.<\/li><\/ul><p><strong>If you&#039;re looking to optimize your equipment or build a PC from scratch, a consultation is the first step to achieving it efficiently and without complications.<\/strong><\/p><h3><strong>Cost<\/strong><\/h3><p>$45<\/p>\t\t\t\t\t\t\t\t<\/div>\n\t\t\t\t<\/div>\n\t\t\t\t\t<\/div>\n\t\t<\/div>\n\t\t\t\t\t<\/div>\n\t\t<\/section>\n\t\t\t\t<\/div>","protected":false},"excerpt":{"rendered":"<p>SERVICIOS Consulta para Ensamblaje o Mejoras al Equipo \u00bfQu\u00e9 es una consulta de ensamblaje o mejora de equipo? Este servicio est\u00e1 dise\u00f1ado para ayudarte a tomar decisiones informadas sobre la construcci\u00f3n de una PC personalizada o la mejora de un equipo existente. Ya sea que necesites asesoramiento sobre los mejores componentes para tus necesidades espec\u00edficas [&hellip;]<\/p>\n","protected":false},"author":1,"featured_media":0,"parent":10790,"menu_order":0,"comment_status":"closed","ping_status":"closed","template":"","meta":{"om_disable_all_campaigns":false,"_monsterinsights_skip_tracking":false,"_monsterinsights_sitenote_active":false,"_monsterinsights_sitenote_note":"","_monsterinsights_sitenote_category":0,"_joinchat":[],"footnotes":""},"class_list":["post-20348","page","type-page","status-publish","hentry"],"_links":{"self":[{"href":"https:\/\/btechandrigs.com\/en\/wp-json\/wp\/v2\/pages\/20348","targetHints":{"allow":["GET"]}}],"collection":[{"href":"https:\/\/btechandrigs.com\/en\/wp-json\/wp\/v2\/pages"}],"about":[{"href":"https:\/\/btechandrigs.com\/en\/wp-json\/wp\/v2\/types\/page"}],"author":[{"embeddable":true,"href":"https:\/\/btechandrigs.com\/en\/wp-json\/wp\/v2\/users\/1"}],"replies":[{"embeddable":true,"href":"https:\/\/btechandrigs.com\/en\/wp-json\/wp\/v2\/comments?post=20348"}],"version-history":[{"count":0,"href":"https:\/\/btechandrigs.com\/en\/wp-json\/wp\/v2\/pages\/20348\/revisions"}],"up":[{"embeddable":true,"href":"https:\/\/btechandrigs.com\/en\/wp-json\/wp\/v2\/pages\/10790"}],"wp:attachment":[{"href":"https:\/\/btechandrigs.com\/en\/wp-json\/wp\/v2\/media?parent=20348"}],"curies":[{"name":"wp","href":"https:\/\/api.w.org\/{rel}","templated":true}]}}