{"id":19918,"date":"2024-11-13T21:51:31","date_gmt":"2024-11-14T01:51:31","guid":{"rendered":"https:\/\/btechrigs.wpenginepowered.com\/?page_id=19918"},"modified":"2024-12-03T21:36:07","modified_gmt":"2024-12-04T01:36:07","slug":"overclock-de-gpu-cpu-ram","status":"publish","type":"page","link":"https:\/\/btechandrigs.com\/en\/servicios\/overclock-de-gpu-cpu-ram\/","title":{"rendered":"GPU\/CPU\/RAM Overclocking"},"content":{"rendered":"<div data-elementor-type=\"wp-page\" data-elementor-id=\"19918\" class=\"elementor elementor-19918\">\n\t\t\t\t\t\t<section class=\"elementor-section elementor-top-section elementor-element elementor-element-695e990 elementor-section-boxed elementor-section-height-default elementor-section-height-default\" data-id=\"695e990\" data-element_type=\"section\" data-e-type=\"section\" data-settings=\"{&quot;background_background&quot;:&quot;classic&quot;}\">\n\t\t\t\t\t\t<div class=\"elementor-container elementor-column-gap-default\">\n\t\t\t\t\t<div class=\"elementor-column elementor-col-100 elementor-top-column elementor-element elementor-element-e5826f5\" data-id=\"e5826f5\" data-element_type=\"column\" data-e-type=\"column\">\n\t\t\t<div class=\"elementor-widget-wrap elementor-element-populated\">\n\t\t\t\t\t\t<div class=\"elementor-element elementor-element-dff3c0a aleft elementor-widget elementor-widget-tpc-double-headings\" data-id=\"dff3c0a\" data-element_type=\"widget\" data-e-type=\"widget\" data-widget_type=\"tpc-double-headings.default\">\n\t\t\t\t<div class=\"elementor-widget-container\">\n\t\t\t\t\t<div class=\"tpc-double_heading\"><div class=\"dbl__subtitle\"><span>SERVICES<\/span><\/div><h3 class=\"dbl__title-wrapper\">                                    <span class=\"dbl__title dbl-title_1\">GPU\/CPU\/RAM Overclocking<\/span><\/h3><\/div>\t\t\t\t<\/div>\n\t\t\t\t<\/div>\n\t\t\t\t<div class=\"elementor-element elementor-element-86b89f7 elementor-widget__width-initial elementor-widget elementor-widget-text-editor\" data-id=\"86b89f7\" data-element_type=\"widget\" data-e-type=\"widget\" data-widget_type=\"text-editor.default\">\n\t\t\t\t<div class=\"elementor-widget-container\">\n\t\t\t\t\t\t\t\t\t<h3><strong>What is CPU, GPU, and RAM overclocking?<\/strong><\/h3><p>Combo overclocking is a specialized service that maximizes your computer&#039;s performance by simultaneously adjusting the parameters of the CPU, GPU, and RAM. By increasing processing speed and improving efficiency across all these components, you achieve a superior user experience, ideal for gaming, video editing, and other demanding tasks.<\/p><h3><strong>Benefits<\/strong><\/h3><ul><li><strong>Maximum overall performance<\/strong>: Significant improvement in your computer&#039;s processing speed and graphics.<\/li><li><strong>Immersive gaming experience<\/strong>: Increased FPS and reduced loading times for smoother gameplay.<\/li><li><strong>Multitasking optimization<\/strong>: Faster response in applications that require high power, such as video editing and graphic design.<\/li><\/ul><h3><strong>How do we perform overclocking?<\/strong><\/h3><ol><li><strong>Stability analysis of each component<\/strong>We evaluate the current capabilities of the CPU, GPU, and RAM to determine the potential for safe overclocking.<\/li><li><strong>Frequency and voltage adjustment<\/strong>We modified key parameters in each component to achieve an optimal balance between performance and stability.<\/li><li><strong>Stability and temperature tests<\/strong>We conduct rigorous tests to ensure the system maintains safe temperatures and stable performance, even under heavy load.<\/li><\/ol><h3><strong>Important Considerations<\/strong><\/h3><p>Overclocking multiple components can increase temperatures and power consumption. <strong>BTECH &amp; RIGS<\/strong>We apply advanced techniques to control heat and optimize energy, ensuring that every adjustment is safe and effective.<\/p><h3><strong>Why choose this service with BTECH &amp; RIGS?<\/strong><\/h3><p>Our overclocking expertise allows us to safely push every component of your PC to its limits. Using state-of-the-art tools and in-depth hardware knowledge, we achieve peak performance without compromising the stability or lifespan of your equipment.<\/p><p><strong>Take your system to the highest level of performance with our CPU, GPU, and RAM overclocking, designed for enthusiasts and professionals seeking the best in power and efficiency.<\/strong><\/p><h3><strong>Cost<\/strong><\/h3><p>$200<\/p>\t\t\t\t\t\t\t\t<\/div>\n\t\t\t\t<\/div>\n\t\t\t\t\t<\/div>\n\t\t<\/div>\n\t\t\t\t\t<\/div>\n\t\t<\/section>\n\t\t\t\t<\/div>","protected":false},"excerpt":{"rendered":"<p>SERVICIOS Overclock de GPU\/CPU\/RAM \u00bfQu\u00e9 es el Overclocking de CPU, GPU y RAM? El overclocking en combo es un servicio especializado que optimiza al m\u00e1ximo el rendimiento de tu equipo al ajustar simult\u00e1neamente los par\u00e1metros de la CPU, GPU y RAM. Al aumentar la velocidad de procesamiento y mejorar la eficiencia en todos estos componentes, [&hellip;]<\/p>\n","protected":false},"author":1,"featured_media":0,"parent":10790,"menu_order":0,"comment_status":"closed","ping_status":"closed","template":"","meta":{"om_disable_all_campaigns":false,"_monsterinsights_skip_tracking":false,"_monsterinsights_sitenote_active":false,"_monsterinsights_sitenote_note":"","_monsterinsights_sitenote_category":0,"_joinchat":[],"footnotes":""},"class_list":["post-19918","page","type-page","status-publish","hentry"],"_links":{"self":[{"href":"https:\/\/btechandrigs.com\/en\/wp-json\/wp\/v2\/pages\/19918","targetHints":{"allow":["GET"]}}],"collection":[{"href":"https:\/\/btechandrigs.com\/en\/wp-json\/wp\/v2\/pages"}],"about":[{"href":"https:\/\/btechandrigs.com\/en\/wp-json\/wp\/v2\/types\/page"}],"author":[{"embeddable":true,"href":"https:\/\/btechandrigs.com\/en\/wp-json\/wp\/v2\/users\/1"}],"replies":[{"embeddable":true,"href":"https:\/\/btechandrigs.com\/en\/wp-json\/wp\/v2\/comments?post=19918"}],"version-history":[{"count":0,"href":"https:\/\/btechandrigs.com\/en\/wp-json\/wp\/v2\/pages\/19918\/revisions"}],"up":[{"embeddable":true,"href":"https:\/\/btechandrigs.com\/en\/wp-json\/wp\/v2\/pages\/10790"}],"wp:attachment":[{"href":"https:\/\/btechandrigs.com\/en\/wp-json\/wp\/v2\/media?parent=19918"}],"curies":[{"name":"wp","href":"https:\/\/api.w.org\/{rel}","templated":true}]}}