{"id":19687,"date":"2024-10-08T22:26:33","date_gmt":"2024-10-08T22:26:33","guid":{"rendered":"https:\/\/btechrigs.wpenginepowered.com\/?page_id=19687"},"modified":"2024-12-03T21:30:33","modified_gmt":"2024-12-04T01:30:33","slug":"mantenimiento-de-sistema-operativo-drivers-y-programas","status":"publish","type":"page","link":"https:\/\/btechandrigs.com\/en\/servicios\/mantenimiento-de-sistema-operativo-drivers-y-programas\/","title":{"rendered":"Operating System, Drivers and Programs Maintenance"},"content":{"rendered":"<div data-elementor-type=\"wp-page\" data-elementor-id=\"19687\" class=\"elementor elementor-19687\">\n\t\t\t\t\t\t<section class=\"elementor-section elementor-top-section elementor-element elementor-element-695e990 elementor-section-boxed elementor-section-height-default elementor-section-height-default\" data-id=\"695e990\" data-element_type=\"section\" data-e-type=\"section\" data-settings=\"{&quot;background_background&quot;:&quot;classic&quot;}\">\n\t\t\t\t\t\t<div class=\"elementor-container elementor-column-gap-default\">\n\t\t\t\t\t<div class=\"elementor-column elementor-col-100 elementor-top-column elementor-element elementor-element-e5826f5\" data-id=\"e5826f5\" data-element_type=\"column\" data-e-type=\"column\">\n\t\t\t<div class=\"elementor-widget-wrap elementor-element-populated\">\n\t\t\t\t\t\t<div class=\"elementor-element elementor-element-dff3c0a aleft elementor-widget elementor-widget-tpc-double-headings\" data-id=\"dff3c0a\" data-element_type=\"widget\" data-e-type=\"widget\" data-widget_type=\"tpc-double-headings.default\">\n\t\t\t\t<div class=\"elementor-widget-container\">\n\t\t\t\t\t<div class=\"tpc-double_heading\"><div class=\"dbl__subtitle\"><span>SERVICES<\/span><\/div><h3 class=\"dbl__title-wrapper\">                                    <span class=\"dbl__title dbl-title_1\">Operating System, Drivers and Programs Maintenance<\/span><\/h3><\/div>\t\t\t\t<\/div>\n\t\t\t\t<\/div>\n\t\t\t\t<div class=\"elementor-element elementor-element-86b89f7 elementor-widget__width-initial elementor-widget elementor-widget-text-editor\" data-id=\"86b89f7\" data-element_type=\"widget\" data-e-type=\"widget\" data-widget_type=\"text-editor.default\">\n\t\t\t\t<div class=\"elementor-widget-container\">\n\t\t\t\t\t\t\t\t\t<h3><strong>What does it consist of?<\/strong><\/h3><p>Software maintenance includes updating the operating system, verifying drivers, and installing essential programs to ensure optimal performance and security of your computer.<\/p><h3><strong>Why is it important?<\/strong><\/h3><ul><li class=\"p1\">Keeps your PC free of bloatware.<\/li><li class=\"p1\">Improves compatibility with new programs and games.<\/li><li>Avoid errors and unexpected failures.<\/li><\/ul><h3><strong>Maintenance Steps<\/strong><\/h3><ol><li>Cleaning temporary files and system settings.<\/li><li>Driver and program updates.<\/li><li>Optimization of startup and background processes.<\/li><\/ol><p class=\"p1\"><strong>With our service, your PC will be kept clean of bloatware, up-to-date, and in top condition.<\/strong><\/p><h3><strong>Cost<\/strong><\/h3><p>$40<\/p>\t\t\t\t\t\t\t\t<\/div>\n\t\t\t\t<\/div>\n\t\t\t\t\t<\/div>\n\t\t<\/div>\n\t\t\t\t\t<\/div>\n\t\t<\/section>\n\t\t\t\t<\/div>","protected":false},"excerpt":{"rendered":"<p>SERVICIOS Mantenimiento de Sistema Operativo, Drivers y Programas \u00bfEn qu\u00e9 consiste? El mantenimiento de software incluye la actualizaci\u00f3n del sistema operativo, la verificaci\u00f3n de drivers y la instalaci\u00f3n de programas esenciales para garantizar el \u00f3ptimo rendimiento y seguridad de tu equipo. \u00bfPor qu\u00e9 es importante? Mantiene tu PC libre de bloatware. Mejora la compatibilidad con [&hellip;]<\/p>\n","protected":false},"author":1,"featured_media":0,"parent":10790,"menu_order":0,"comment_status":"closed","ping_status":"closed","template":"","meta":{"om_disable_all_campaigns":false,"_monsterinsights_skip_tracking":false,"_monsterinsights_sitenote_active":false,"_monsterinsights_sitenote_note":"","_monsterinsights_sitenote_category":0,"_joinchat":[],"footnotes":""},"class_list":["post-19687","page","type-page","status-publish","hentry"],"_links":{"self":[{"href":"https:\/\/btechandrigs.com\/en\/wp-json\/wp\/v2\/pages\/19687","targetHints":{"allow":["GET"]}}],"collection":[{"href":"https:\/\/btechandrigs.com\/en\/wp-json\/wp\/v2\/pages"}],"about":[{"href":"https:\/\/btechandrigs.com\/en\/wp-json\/wp\/v2\/types\/page"}],"author":[{"embeddable":true,"href":"https:\/\/btechandrigs.com\/en\/wp-json\/wp\/v2\/users\/1"}],"replies":[{"embeddable":true,"href":"https:\/\/btechandrigs.com\/en\/wp-json\/wp\/v2\/comments?post=19687"}],"version-history":[{"count":0,"href":"https:\/\/btechandrigs.com\/en\/wp-json\/wp\/v2\/pages\/19687\/revisions"}],"up":[{"embeddable":true,"href":"https:\/\/btechandrigs.com\/en\/wp-json\/wp\/v2\/pages\/10790"}],"wp:attachment":[{"href":"https:\/\/btechandrigs.com\/en\/wp-json\/wp\/v2\/media?parent=19687"}],"curies":[{"name":"wp","href":"https:\/\/api.w.org\/{rel}","templated":true}]}}