{"id":19672,"date":"2024-10-08T21:45:43","date_gmt":"2024-10-08T21:45:43","guid":{"rendered":"https:\/\/btechrigs.wpenginepowered.com\/?page_id=19672"},"modified":"2024-12-03T21:21:01","modified_gmt":"2024-12-04T01:21:01","slug":"activacion-licencias-windows","status":"publish","type":"page","link":"https:\/\/btechandrigs.com\/en\/servicios\/activacion-licencias-windows\/","title":{"rendered":"Windows License Activation"},"content":{"rendered":"<div data-elementor-type=\"wp-page\" data-elementor-id=\"19672\" class=\"elementor elementor-19672\">\n\t\t\t\t\t\t<section class=\"elementor-section elementor-top-section elementor-element elementor-element-695e990 elementor-section-boxed elementor-section-height-default elementor-section-height-default\" data-id=\"695e990\" data-element_type=\"section\" data-e-type=\"section\" data-settings=\"{&quot;background_background&quot;:&quot;classic&quot;}\">\n\t\t\t\t\t\t<div class=\"elementor-container elementor-column-gap-default\">\n\t\t\t\t\t<div class=\"elementor-column elementor-col-100 elementor-top-column elementor-element elementor-element-e5826f5\" data-id=\"e5826f5\" data-element_type=\"column\" data-e-type=\"column\">\n\t\t\t<div class=\"elementor-widget-wrap elementor-element-populated\">\n\t\t\t\t\t\t<div class=\"elementor-element elementor-element-dff3c0a aleft elementor-widget elementor-widget-tpc-double-headings\" data-id=\"dff3c0a\" data-element_type=\"widget\" data-e-type=\"widget\" data-widget_type=\"tpc-double-headings.default\">\n\t\t\t\t<div class=\"elementor-widget-container\">\n\t\t\t\t\t<div class=\"tpc-double_heading\"><div class=\"dbl__subtitle\"><span>SERVICES<\/span><\/div><h3 class=\"dbl__title-wrapper\">                                    <span class=\"dbl__title dbl-title_1\">Windows License Activation<\/span><\/h3><\/div>\t\t\t\t<\/div>\n\t\t\t\t<\/div>\n\t\t\t\t<div class=\"elementor-element elementor-element-86b89f7 elementor-widget__width-initial elementor-widget elementor-widget-text-editor\" data-id=\"86b89f7\" data-element_type=\"widget\" data-e-type=\"widget\" data-widget_type=\"text-editor.default\">\n\t\t\t\t<div class=\"elementor-widget-container\">\n\t\t\t\t\t\t\t\t\t<h3><strong>Why is an official license important?<\/strong><\/h3><p>Activating official Windows licenses ensures that the operating system functions correctly, receives security updates, and maintains its stability.<\/p><h3><strong>Our Service<\/strong><\/h3><p>We perform the installation and activation of genuine Windows licenses, ensuring that your computer is protected and fully operational.<\/p><p><strong>Protect your PC and ensure its stability with our official licenses.<\/strong><\/p><h3><strong>Cost<\/strong><\/h3><p>$35<\/p>\t\t\t\t\t\t\t\t<\/div>\n\t\t\t\t<\/div>\n\t\t\t\t\t<\/div>\n\t\t<\/div>\n\t\t\t\t\t<\/div>\n\t\t<\/section>\n\t\t\t\t<\/div>","protected":false},"excerpt":{"rendered":"<p>SERVICIOS Activaci\u00f3n de Licencias de Windows \u00bfPor qu\u00e9 es importante una licencia oficial? La activaci\u00f3n de licencias oficiales de Windows garantiza que el sistema operativo funcione correctamente, reciba actualizaciones de seguridad y mantenga su estabilidad. Nuestro Servicio Realizamos la instalaci\u00f3n y activaci\u00f3n de licencias de Windows genuinas, asegurando que tu equipo est\u00e9 protegido y operativo [&hellip;]<\/p>\n","protected":false},"author":1,"featured_media":0,"parent":10790,"menu_order":0,"comment_status":"closed","ping_status":"closed","template":"","meta":{"om_disable_all_campaigns":false,"_monsterinsights_skip_tracking":false,"_monsterinsights_sitenote_active":false,"_monsterinsights_sitenote_note":"","_monsterinsights_sitenote_category":0,"_joinchat":[],"footnotes":""},"class_list":["post-19672","page","type-page","status-publish","hentry"],"_links":{"self":[{"href":"https:\/\/btechandrigs.com\/en\/wp-json\/wp\/v2\/pages\/19672","targetHints":{"allow":["GET"]}}],"collection":[{"href":"https:\/\/btechandrigs.com\/en\/wp-json\/wp\/v2\/pages"}],"about":[{"href":"https:\/\/btechandrigs.com\/en\/wp-json\/wp\/v2\/types\/page"}],"author":[{"embeddable":true,"href":"https:\/\/btechandrigs.com\/en\/wp-json\/wp\/v2\/users\/1"}],"replies":[{"embeddable":true,"href":"https:\/\/btechandrigs.com\/en\/wp-json\/wp\/v2\/comments?post=19672"}],"version-history":[{"count":0,"href":"https:\/\/btechandrigs.com\/en\/wp-json\/wp\/v2\/pages\/19672\/revisions"}],"up":[{"embeddable":true,"href":"https:\/\/btechandrigs.com\/en\/wp-json\/wp\/v2\/pages\/10790"}],"wp:attachment":[{"href":"https:\/\/btechandrigs.com\/en\/wp-json\/wp\/v2\/media?parent=19672"}],"curies":[{"name":"wp","href":"https:\/\/api.w.org\/{rel}","templated":true}]}}