{"id":19667,"date":"2024-10-08T16:51:15","date_gmt":"2024-10-08T16:51:15","guid":{"rendered":"https:\/\/btechrigs.wpenginepowered.com\/?page_id=19667"},"modified":"2024-12-03T21:24:05","modified_gmt":"2024-12-04T01:24:05","slug":"custom-waterloop","status":"publish","type":"page","link":"https:\/\/btechandrigs.com\/en\/servicios\/custom-waterloop\/","title":{"rendered":"Custom Waterloop"},"content":{"rendered":"<div data-elementor-type=\"wp-page\" data-elementor-id=\"19667\" class=\"elementor elementor-19667\">\n\t\t\t\t\t\t<section class=\"elementor-section elementor-top-section elementor-element elementor-element-695e990 elementor-section-boxed elementor-section-height-default elementor-section-height-default\" data-id=\"695e990\" data-element_type=\"section\" data-e-type=\"section\" data-settings=\"{&quot;background_background&quot;:&quot;classic&quot;}\">\n\t\t\t\t\t\t<div class=\"elementor-container elementor-column-gap-default\">\n\t\t\t\t\t<div class=\"elementor-column elementor-col-100 elementor-top-column elementor-element elementor-element-e5826f5\" data-id=\"e5826f5\" data-element_type=\"column\" data-e-type=\"column\">\n\t\t\t<div class=\"elementor-widget-wrap elementor-element-populated\">\n\t\t\t\t\t\t<div class=\"elementor-element elementor-element-dff3c0a aleft elementor-widget elementor-widget-tpc-double-headings\" data-id=\"dff3c0a\" data-element_type=\"widget\" data-e-type=\"widget\" data-widget_type=\"tpc-double-headings.default\">\n\t\t\t\t<div class=\"elementor-widget-container\">\n\t\t\t\t\t<div class=\"tpc-double_heading\"><div class=\"dbl__subtitle\"><span>SERVICES<\/span><\/div><h3 class=\"dbl__title-wrapper\">                                    <span class=\"dbl__title dbl-title_1\">Custom Waterloop<\/span><\/h3><\/div>\t\t\t\t<\/div>\n\t\t\t\t<\/div>\n\t\t\t\t<div class=\"elementor-element elementor-element-86b89f7 elementor-widget__width-initial elementor-widget elementor-widget-text-editor\" data-id=\"86b89f7\" data-element_type=\"widget\" data-e-type=\"widget\" data-widget_type=\"text-editor.default\">\n\t\t\t\t<div class=\"elementor-widget-container\">\n\t\t\t\t\t\t\t\t\t<h3><strong>What is a Custom Waterloop?<\/strong><\/h3><p>The Custom Waterloop is a custom liquid cooling system that not only keeps CPU and GPU temperatures lower, but also adds a unique aesthetic touch to your PC.<\/p><h3><strong>When is it recommended?<\/strong><\/h3><ul><li>For users who perform <strong>extreme overclocking<\/strong>.<\/li><li>For those looking for a <strong>superior aesthetic design<\/strong>.<\/li><li>High-performance equipment that requires <strong>additional cooling<\/strong>.<\/li><\/ul><h3><strong>Installation Process<\/strong><\/h3><ol><li>Selection and design of the waterloop system.<\/li><li>Installation and thermal performance testing.<\/li><li>Flow adjustment and preventive maintenance.<\/li><\/ol><p><strong>Achieve optimal temperatures and a spectacular look with our personalized Waterloop service.<\/strong><\/p><h3><strong>Cost<\/strong><\/h3><p>$350<\/p>\t\t\t\t\t\t\t\t<\/div>\n\t\t\t\t<\/div>\n\t\t\t\t\t<\/div>\n\t\t<\/div>\n\t\t\t\t\t<\/div>\n\t\t<\/section>\n\t\t\t\t<\/div>","protected":false},"excerpt":{"rendered":"<p>SERVICIOS Custom Waterloop \u00bfQu\u00e9 es el Custom Waterloop? El Custom Waterloop es un sistema de enfriamiento l\u00edquido personalizado que no solo mantiene las temperaturas de la CPU y la GPU m\u00e1s bajas, sino que tambi\u00e9n agrega un toque est\u00e9tico \u00fanico a tu PC. \u00bfCu\u00e1ndo se recomienda? Para usuarios que realizan overclocking extremo. Para quienes buscan [&hellip;]<\/p>\n","protected":false},"author":1,"featured_media":0,"parent":10790,"menu_order":0,"comment_status":"closed","ping_status":"closed","template":"","meta":{"om_disable_all_campaigns":false,"_monsterinsights_skip_tracking":false,"_monsterinsights_sitenote_active":false,"_monsterinsights_sitenote_note":"","_monsterinsights_sitenote_category":0,"_joinchat":[],"footnotes":""},"class_list":["post-19667","page","type-page","status-publish","hentry"],"_links":{"self":[{"href":"https:\/\/btechandrigs.com\/en\/wp-json\/wp\/v2\/pages\/19667","targetHints":{"allow":["GET"]}}],"collection":[{"href":"https:\/\/btechandrigs.com\/en\/wp-json\/wp\/v2\/pages"}],"about":[{"href":"https:\/\/btechandrigs.com\/en\/wp-json\/wp\/v2\/types\/page"}],"author":[{"embeddable":true,"href":"https:\/\/btechandrigs.com\/en\/wp-json\/wp\/v2\/users\/1"}],"replies":[{"embeddable":true,"href":"https:\/\/btechandrigs.com\/en\/wp-json\/wp\/v2\/comments?post=19667"}],"version-history":[{"count":0,"href":"https:\/\/btechandrigs.com\/en\/wp-json\/wp\/v2\/pages\/19667\/revisions"}],"up":[{"embeddable":true,"href":"https:\/\/btechandrigs.com\/en\/wp-json\/wp\/v2\/pages\/10790"}],"wp:attachment":[{"href":"https:\/\/btechandrigs.com\/en\/wp-json\/wp\/v2\/media?parent=19667"}],"curies":[{"name":"wp","href":"https:\/\/api.w.org\/{rel}","templated":true}]}}