{"id":19608,"date":"2024-10-08T15:32:12","date_gmt":"2024-10-08T15:32:12","guid":{"rendered":"https:\/\/btechrigs.wpenginepowered.com\/?page_id=19608"},"modified":"2024-12-03T21:33:16","modified_gmt":"2024-12-04T01:33:16","slug":"optimizacion-de-juego","status":"publish","type":"page","link":"https:\/\/btechandrigs.com\/en\/servicios\/optimizacion-de-juego\/","title":{"rendered":"Game Optimization"},"content":{"rendered":"<div data-elementor-type=\"wp-page\" data-elementor-id=\"19608\" class=\"elementor elementor-19608\">\n\t\t\t\t\t\t<section class=\"elementor-section elementor-top-section elementor-element elementor-element-695e990 elementor-section-boxed elementor-section-height-default elementor-section-height-default\" data-id=\"695e990\" data-element_type=\"section\" data-e-type=\"section\" data-settings=\"{&quot;background_background&quot;:&quot;classic&quot;}\">\n\t\t\t\t\t\t<div class=\"elementor-container elementor-column-gap-default\">\n\t\t\t\t\t<div class=\"elementor-column elementor-col-100 elementor-top-column elementor-element elementor-element-e5826f5\" data-id=\"e5826f5\" data-element_type=\"column\" data-e-type=\"column\">\n\t\t\t<div class=\"elementor-widget-wrap elementor-element-populated\">\n\t\t\t\t\t\t<div class=\"elementor-element elementor-element-dff3c0a aleft elementor-widget elementor-widget-tpc-double-headings\" data-id=\"dff3c0a\" data-element_type=\"widget\" data-e-type=\"widget\" data-widget_type=\"tpc-double-headings.default\">\n\t\t\t\t<div class=\"elementor-widget-container\">\n\t\t\t\t\t<div class=\"tpc-double_heading\"><div class=\"dbl__subtitle\"><span>SERVICES<\/span><\/div><h3 class=\"dbl__title-wrapper\">                                    <span class=\"dbl__title dbl-title_1\">Game Optimization<\/span><\/h3><\/div>\t\t\t\t<\/div>\n\t\t\t\t<\/div>\n\t\t\t\t<div class=\"elementor-element elementor-element-86b89f7 elementor-widget__width-initial elementor-widget elementor-widget-text-editor\" data-id=\"86b89f7\" data-element_type=\"widget\" data-e-type=\"widget\" data-widget_type=\"text-editor.default\">\n\t\t\t\t<div class=\"elementor-widget-container\">\n\t\t\t\t\t\t\t\t\t<h3><strong>What is Game Optimization?<\/strong><\/h3><p>Game optimization involves adjusting and improving operating system and hardware settings to achieve the best possible performance in every match. This includes operating system settings, graphics configurations, and background processes that may be affecting gameplay.<\/p><h3><strong>Benefits of Game Optimization<\/strong><\/h3><ul><li>Increased FPS (frames per second).<\/li><li>Reduction of annoying stuttering or screen lag and possibly loading times.<\/li><li>Smoother and more responsive gaming experience.<\/li><\/ul><h3><strong>Our Process<\/strong><\/h3><ol><li>Initial analysis of system performance.<\/li><li>Adjusting system and graphics settings.<\/li><li>Test in the game to ensure improvement in gameplay.<\/li><\/ol><h3><strong>Cost<\/strong><\/h3><p>$45<\/p>\t\t\t\t\t\t\t\t<\/div>\n\t\t\t\t<\/div>\n\t\t\t\t\t<\/div>\n\t\t<\/div>\n\t\t\t\t\t<\/div>\n\t\t<\/section>\n\t\t\t\t<\/div>","protected":false},"excerpt":{"rendered":"<p>SERVICIOS Optimizaci\u00f3n de Juego \u00bfQu\u00e9 es la Optimizaci\u00f3n de Juego? La optimizaci\u00f3n de juego consiste en ajustar y mejorar las configuraciones del sistema operativo y del hardware para obtener el mejor rendimiento posible en cada partida. Esto incluye ajustes de sistema operativo, configuraciones de gr\u00e1ficos y procesos en segundo plano que pueden estar afectando la [&hellip;]<\/p>\n","protected":false},"author":1,"featured_media":0,"parent":10790,"menu_order":0,"comment_status":"closed","ping_status":"closed","template":"","meta":{"om_disable_all_campaigns":false,"_monsterinsights_skip_tracking":false,"_monsterinsights_sitenote_active":false,"_monsterinsights_sitenote_note":"","_monsterinsights_sitenote_category":0,"_joinchat":[],"footnotes":""},"class_list":["post-19608","page","type-page","status-publish","hentry"],"_links":{"self":[{"href":"https:\/\/btechandrigs.com\/en\/wp-json\/wp\/v2\/pages\/19608","targetHints":{"allow":["GET"]}}],"collection":[{"href":"https:\/\/btechandrigs.com\/en\/wp-json\/wp\/v2\/pages"}],"about":[{"href":"https:\/\/btechandrigs.com\/en\/wp-json\/wp\/v2\/types\/page"}],"author":[{"embeddable":true,"href":"https:\/\/btechandrigs.com\/en\/wp-json\/wp\/v2\/users\/1"}],"replies":[{"embeddable":true,"href":"https:\/\/btechandrigs.com\/en\/wp-json\/wp\/v2\/comments?post=19608"}],"version-history":[{"count":0,"href":"https:\/\/btechandrigs.com\/en\/wp-json\/wp\/v2\/pages\/19608\/revisions"}],"up":[{"embeddable":true,"href":"https:\/\/btechandrigs.com\/en\/wp-json\/wp\/v2\/pages\/10790"}],"wp:attachment":[{"href":"https:\/\/btechandrigs.com\/en\/wp-json\/wp\/v2\/media?parent=19608"}],"curies":[{"name":"wp","href":"https:\/\/api.w.org\/{rel}","templated":true}]}}