{"id":15096,"date":"2022-06-14T09:55:28","date_gmt":"2022-06-14T09:55:28","guid":{"rendered":"https:\/\/thepixelcurve.com\/wp\/techmax\/?page_id=15096"},"modified":"2025-05-08T21:35:41","modified_gmt":"2025-05-09T01:35:41","slug":"contactanos","status":"publish","type":"page","link":"https:\/\/btechandrigs.com\/en\/contactanos\/","title":{"rendered":"Contact us"},"content":{"rendered":"<div data-elementor-type=\"wp-page\" data-elementor-id=\"15096\" class=\"elementor elementor-15096\">\n\t\t\t\t\t\t<section class=\"elementor-section elementor-top-section elementor-element elementor-element-2f58e10 elementor-section-boxed elementor-section-height-default elementor-section-height-default\" data-id=\"2f58e10\" data-element_type=\"section\" data-e-type=\"section\" data-settings=\"{&quot;background_background&quot;:&quot;classic&quot;}\">\n\t\t\t\t\t\t<div class=\"elementor-container elementor-column-gap-default\">\n\t\t\t\t\t<div class=\"elementor-column elementor-col-33 elementor-top-column elementor-element elementor-element-d92b9a0\" data-id=\"d92b9a0\" data-element_type=\"column\" data-e-type=\"column\">\n\t\t\t<div class=\"elementor-widget-wrap elementor-element-populated\">\n\t\t\t\t\t\t<div class=\"elementor-element elementor-element-f60ab60 elementor-widget elementor-widget-image\" data-id=\"f60ab60\" data-element_type=\"widget\" data-e-type=\"widget\" data-widget_type=\"image.default\">\n\t\t\t\t<div class=\"elementor-widget-container\">\n\t\t\t\t\t\t\t\t\t\t\t\t\t\t\t<img fetchpriority=\"high\" decoding=\"async\" width=\"3375\" height=\"2500\" src=\"https:\/\/btechandrigs.com\/wp-content\/uploads\/2024\/10\/BTECH-Logo-No-Background.png\" class=\"attachment-full size-full wp-image-20212\" alt=\"\" srcset=\"https:\/\/btechandrigs.com\/wp-content\/uploads\/2024\/10\/BTECH-Logo-No-Background.png 3375w, https:\/\/btechandrigs.com\/wp-content\/uploads\/2024\/10\/BTECH-Logo-No-Background-300x222.png 300w, https:\/\/btechandrigs.com\/wp-content\/uploads\/2024\/10\/BTECH-Logo-No-Background-1024x759.png 1024w, https:\/\/btechandrigs.com\/wp-content\/uploads\/2024\/10\/BTECH-Logo-No-Background-768x569.png 768w, https:\/\/btechandrigs.com\/wp-content\/uploads\/2024\/10\/BTECH-Logo-No-Background-1536x1138.png 1536w, https:\/\/btechandrigs.com\/wp-content\/uploads\/2024\/10\/BTECH-Logo-No-Background-2048x1517.png 2048w, https:\/\/btechandrigs.com\/wp-content\/uploads\/2024\/10\/BTECH-Logo-No-Background-1140x844.png 1140w\" sizes=\"(max-width: 3375px) 100vw, 3375px\" \/>\t\t\t\t\t\t\t\t\t\t\t\t\t\t\t<\/div>\n\t\t\t\t<\/div>\n\t\t\t\t\t<\/div>\n\t\t<\/div>\n\t\t\t\t<div class=\"elementor-column elementor-col-33 elementor-top-column elementor-element elementor-element-3fd5a02\" data-id=\"3fd5a02\" data-element_type=\"column\" data-e-type=\"column\">\n\t\t\t<div class=\"elementor-widget-wrap elementor-element-populated\">\n\t\t\t\t\t\t<div class=\"elementor-element elementor-element-bcc0823 elementor-widget elementor-widget-heading\" data-id=\"bcc0823\" data-element_type=\"widget\" data-e-type=\"widget\" data-widget_type=\"heading.default\">\n\t\t\t\t<div class=\"elementor-widget-container\">\n\t\t\t\t\t<h3 class=\"elementor-heading-title elementor-size-default\">Brayan Nu\u00f1ez<\/h3>\t\t\t\t<\/div>\n\t\t\t\t<\/div>\n\t\t\t\t<div class=\"elementor-element elementor-element-8a07bd4 elementor-widget elementor-widget-heading\" data-id=\"8a07bd4\" data-element_type=\"widget\" data-e-type=\"widget\" data-widget_type=\"heading.default\">\n\t\t\t\t<div class=\"elementor-widget-container\">\n\t\t\t\t\t<p class=\"elementor-heading-title elementor-size-default\">CEO of BTECH &amp; RIGS<\/p>\t\t\t\t<\/div>\n\t\t\t\t<\/div>\n\t\t\t\t<div class=\"elementor-element elementor-element-44381b1 elementor-widget elementor-widget-text-editor\" data-id=\"44381b1\" data-element_type=\"widget\" data-e-type=\"widget\" data-widget_type=\"text-editor.default\">\n\t\t\t\t<div class=\"elementor-widget-container\">\n\t\t\t\t\t\t\t\t\t<div style=\"font-size: 21px;\">\n\n<strong style=\"padding-right: 10px;\"><span style=\"color: white;\">Experience:<\/span> <\/strong>12 years old\n<br>\n<span style=\"color: #072f60;\"><strong style=\"padding-right: 10px;\"><span style=\"color: white;\">Mail:<\/span> <\/strong><\/span>info@btechandrigs.com\n<br>\n<span style=\"color: white;\"><strong style=\"padding-right: 10px;\"><span style=\"color: white;\">Tel:<\/span><\/strong> <a href=\"tel:\u202a4076866895\u202c\">(407) 686-6895<\/a><\/span>\n\n<\/div>\t\t\t\t\t\t\t\t<\/div>\n\t\t\t\t<\/div>\n\t\t\t\t<div class=\"elementor-element elementor-element-37d5409 elementor-shape-circle elementor-widget elementor-widget-tpc-social-icons\" data-id=\"37d5409\" data-element_type=\"widget\" data-e-type=\"widget\" data-widget_type=\"tpc-social-icons.default\">\n\t\t\t\t<div class=\"elementor-widget-container\">\n\t\t\t\t\t<div class=\"tpc-social-icons elementor-social-icons-wrapper\"><a class=\"elementor-icon elementor-social-icon elementor-social-icon-facebook-square elementor-repeater-item-f1b4dc4\" href=\"https:\/\/www.facebook.com\/profile.php?id=100091946312172\" target=\"_blank\" title=\"Facebook\"><span class=\"elementor-screen-only\">Facebook-square<\/span><svg class=\"e-font-icon-svg e-fab-facebook-square\" viewbox=\"0 0 448 512\" xmlns=\"http:\/\/www.w3.org\/2000\/svg\"><path d=\"M400 32H48A48 48 0 0 0 0 80v352a48 48 0 0 0 48 48h137.25V327.69h-63V256h63v-54.64c0-62.15 37-96.48 93.67-96.48 27.14 0 55.52 4.84 55.52 4.84v61h-31.27c-30.81 0-40.42 19.12-40.42 38.73V256h68.78l-11 71.69h-57.78V480H400a48 48 0 0 0 48-48V80a48 48 0 0 0-48-48z\"><\/path><\/svg><\/a><a class=\"elementor-icon elementor-social-icon elementor-social-icon-instagram elementor-repeater-item-0c6d078\" href=\"https:\/\/www.instagram.com\/btech_rigs\/\" target=\"_blank\" title=\"Instagram\"><span class=\"elementor-screen-only\">Instagram<\/span><svg class=\"e-font-icon-svg e-fab-instagram\" viewbox=\"0 0 448 512\" xmlns=\"http:\/\/www.w3.org\/2000\/svg\"><path d=\"M224.1 141c-63.6 0-114.9 51.3-114.9 114.9s51.3 114.9 114.9 114.9S339 319.5 339 255.9 287.7 141 224.1 141zm0 189.6c-41.1 0-74.7-33.5-74.7-74.7s33.5-74.7 74.7-74.7 74.7 33.5 74.7 74.7-33.6 74.7-74.7 74.7zm146.4-194.3c0 14.9-12 26.8-26.8 26.8-14.9 0-26.8-12-26.8-26.8s12-26.8 26.8-26.8 26.8 12 26.8 26.8zm76.1 27.2c-1.7-35.9-9.9-67.7-36.2-93.9-26.2-26.2-58-34.4-93.9-36.2-37-2.1-147.9-2.1-184.9 0-35.8 1.7-67.6 9.9-93.9 36.1s-34.4 58-36.2 93.9c-2.1 37-2.1 147.9 0 184.9 1.7 35.9 9.9 67.7 36.2 93.9s58 34.4 93.9 36.2c37 2.1 147.9 2.1 184.9 0 35.9-1.7 67.7-9.9 93.9-36.2 26.2-26.2 34.4-58 36.2-93.9 2.1-37 2.1-147.8 0-184.8zM398.8 388c-7.8 19.6-22.9 34.7-42.6 42.6-29.5 11.7-99.5 9-132.1 9s-102.7 2.6-132.1-9c-19.6-7.8-34.7-22.9-42.6-42.6-11.7-29.5-9-99.5-9-132.1s-2.6-102.7 9-132.1c7.8-19.6 22.9-34.7 42.6-42.6 29.5-11.7 99.5-9 132.1-9s102.7-2.6 132.1 9c19.6 7.8 34.7 22.9 42.6 42.6 11.7 29.5 9 99.5 9 132.1s2.7 102.7-9 132.1z\"><\/path><\/svg><\/a><a class=\"elementor-icon elementor-social-icon elementor-social-icon-tiktok elementor-repeater-item-51f3485\" href=\"https:\/\/www.tiktok.com\/@btechrigs\" target=\"_blank\" title=\"TikTok\"><span class=\"elementor-screen-only\">TikTok<\/span><svg class=\"e-font-icon-svg e-fab-tiktok\" viewbox=\"0 0 448 512\" xmlns=\"http:\/\/www.w3.org\/2000\/svg\"><path d=\"M448,209.91a210.06,210.06,0,0,1-122.77-39.25V349.38A162.55,162.55,0,1,1,185,188.31V278.2a74.62,74.62,0,1,0,52.23,71.18V0l88,0a121.18,121.18,0,0,0,1.86,22.17h0A122.18,122.18,0,0,0,381,102.39a121.43,121.43,0,0,0,67,20.14Z\"><\/path><\/svg><\/a><\/div>\t\t\t\t<\/div>\n\t\t\t\t<\/div>\n\t\t\t\t\t<\/div>\n\t\t<\/div>\n\t\t\t\t<div class=\"elementor-column elementor-col-33 elementor-top-column elementor-element elementor-element-96f07bc\" data-id=\"96f07bc\" data-element_type=\"column\" data-e-type=\"column\">\n\t\t\t<div class=\"elementor-widget-wrap elementor-element-populated\">\n\t\t\t\t\t\t<div class=\"elementor-element elementor-element-8562a56 elementor-widget__width-initial elementor-widget elementor-widget-text-editor\" data-id=\"8562a56\" data-element_type=\"widget\" data-e-type=\"widget\" data-widget_type=\"text-editor.default\">\n\t\t\t\t<div class=\"elementor-widget-container\">\n\t\t\t\t\t\t\t\t\t<p>I, Brayan N\u00fa\u00f1ez, known as <strong>BTECH<\/strong>I am the person behind every service offered. With over 12 years of experience in PC optimization, maintenance, and assembly, my commitment is to help each client get the most out of their computer. <strong>Don&#039;t hesitate to contact me for any questions or custom projects!<\/strong><\/p>\t\t\t\t\t\t\t\t<\/div>\n\t\t\t\t<\/div>\n\t\t\t\t\t<\/div>\n\t\t<\/div>\n\t\t\t\t\t<\/div>\n\t\t<\/section>\n\t\t\t\t<section class=\"elementor-section elementor-top-section elementor-element elementor-element-fb3ed71 elementor-section-boxed elementor-section-height-default elementor-section-height-default\" data-id=\"fb3ed71\" data-element_type=\"section\" data-e-type=\"section\">\n\t\t\t\t\t\t<div class=\"elementor-container elementor-column-gap-default\">\n\t\t\t\t\t<div class=\"elementor-column elementor-col-100 elementor-top-column elementor-element elementor-element-5729417\" data-id=\"5729417\" data-element_type=\"column\" data-e-type=\"column\" data-settings=\"{&quot;background_background&quot;:&quot;classic&quot;}\">\n\t\t\t<div class=\"elementor-widget-wrap elementor-element-populated\">\n\t\t\t\t\t\t<div class=\"elementor-element elementor-element-6ded858 a-tabletleft acenter elementor-widget elementor-widget-tpc-double-headings\" data-id=\"6ded858\" data-element_type=\"widget\" data-e-type=\"widget\" data-widget_type=\"tpc-double-headings.default\">\n\t\t\t\t<div class=\"elementor-widget-container\">\n\t\t\t\t\t<div class=\"tpc-double_heading\"><h3 class=\"dbl__title-wrapper\">                                    <span class=\"dbl__title dbl-title_1\">Get in touch with us!<\/span><\/h3><\/div>\t\t\t\t<\/div>\n\t\t\t\t<\/div>\n\t\t\t\t<div class=\"elementor-element elementor-element-f7338c2 elementor-widget elementor-widget-html\" data-id=\"f7338c2\" data-element_type=\"widget\" data-e-type=\"widget\" data-widget_type=\"html.default\">\n\t\t\t\t<div class=\"elementor-widget-container\">\n\t\t\t\t\t<iframe\n  src=\"https:\/\/api.leadconnectorhq.com\/widget\/form\/7LaK1CGApzyQb4RVuiha\"\n  style=\"width:100%;height:100%;border:none;border-radius:3px\"\n  id=\"inline-7LaK1CGApzyQb4RVuiha\" \n  data-layout=\"{'id':'INLINE'}\"\n  data-trigger-type=\"alwaysShow\"\n  data-trigger-value=\"\"\n  data-activation-type=\"alwaysActivated\"\n  data-activation-value=\"\"\n  data-deactivation-type=\"neverDeactivate\"\n  data-deactivation-value=\"\"\n  data-form-name=\"Contact Form Website\"\n  data-height=\"648\"\n  data-layout-iframe-id=\"inline-7LaK1CGApzyQb4RVuiha\"\n  data-form-id=\"7LaK1CGApzyQb4RVuiha\"\n  title=\"Contact Form Website\"\n      >\n<\/iframe>\n<script src=\"https:\/\/link.msgsndr.com\/js\/form_embed.js\"><\/script>\t\t\t\t<\/div>\n\t\t\t\t<\/div>\n\t\t\t\t\t<\/div>\n\t\t<\/div>\n\t\t\t\t\t<\/div>\n\t\t<\/section>\n\t\t\t\t<\/div>","protected":false},"excerpt":{"rendered":"<p>Brayan Nu\u00f1ez CEO de BTECH &amp; RIGS Experiencia: 12 a\u00f1os Correo: info@btechandrigs.com Tel: (407)\u00a0686\u20116895\u202c Facebook-squareInstagramTiktok Yo, Brayan N\u00fa\u00f1ez, conocido como BTECH, soy la persona detr\u00e1s de cada servicio que se ofrece. Con m\u00e1s de 12 a\u00f1os de experiencia en optimizaci\u00f3n, mantenimiento y ensamblaje de PCs, mi compromiso es ayudar a cada cliente a obtener el [&hellip;]<\/p>\n","protected":false},"author":1,"featured_media":0,"parent":0,"menu_order":0,"comment_status":"closed","ping_status":"closed","template":"","meta":{"om_disable_all_campaigns":false,"_monsterinsights_skip_tracking":false,"_monsterinsights_sitenote_active":false,"_monsterinsights_sitenote_note":"","_monsterinsights_sitenote_category":0,"_joinchat":[],"footnotes":""},"class_list":["post-15096","page","type-page","status-publish","hentry"],"_links":{"self":[{"href":"https:\/\/btechandrigs.com\/en\/wp-json\/wp\/v2\/pages\/15096","targetHints":{"allow":["GET"]}}],"collection":[{"href":"https:\/\/btechandrigs.com\/en\/wp-json\/wp\/v2\/pages"}],"about":[{"href":"https:\/\/btechandrigs.com\/en\/wp-json\/wp\/v2\/types\/page"}],"author":[{"embeddable":true,"href":"https:\/\/btechandrigs.com\/en\/wp-json\/wp\/v2\/users\/1"}],"replies":[{"embeddable":true,"href":"https:\/\/btechandrigs.com\/en\/wp-json\/wp\/v2\/comments?post=15096"}],"version-history":[{"count":0,"href":"https:\/\/btechandrigs.com\/en\/wp-json\/wp\/v2\/pages\/15096\/revisions"}],"wp:attachment":[{"href":"https:\/\/btechandrigs.com\/en\/wp-json\/wp\/v2\/media?parent=15096"}],"curies":[{"name":"wp","href":"https:\/\/api.w.org\/{rel}","templated":true}]}}