{"id":10165,"date":"2022-01-18T17:36:31","date_gmt":"2022-01-18T17:36:31","guid":{"rendered":"https:\/\/thepixelcurve.com\/wp\/techmax\/?page_id=10165"},"modified":"2024-11-07T21:55:35","modified_gmt":"2024-11-08T01:55:35","slug":"sobre-nosotros","status":"publish","type":"page","link":"https:\/\/btechandrigs.com\/en\/sobre-nosotros\/","title":{"rendered":"About Us"},"content":{"rendered":"<div data-elementor-type=\"wp-page\" data-elementor-id=\"10165\" class=\"elementor elementor-10165\">\n\t\t\t\t<div class=\"elementor-element elementor-element-d5151f5 e-flex e-con-boxed e-con e-parent\" data-id=\"d5151f5\" data-element_type=\"container\" data-e-type=\"container\" data-settings=\"{&quot;background_background&quot;:&quot;classic&quot;}\">\n\t\t\t\t\t<div class=\"e-con-inner\">\n\t\t<div class=\"elementor-element elementor-element-e6259b3 e-con-full e-flex e-con e-child\" data-id=\"e6259b3\" data-element_type=\"container\" data-e-type=\"container\">\n\t\t\t\t<div class=\"elementor-element elementor-element-6037068 elementor-widget elementor-widget-text-editor\" data-id=\"6037068\" data-element_type=\"widget\" data-e-type=\"widget\" data-widget_type=\"text-editor.default\">\n\t\t\t\t<div class=\"elementor-widget-container\">\n\t\t\t\t\t\t\t\t\t<p>My name is <strong>Brayan N\u00fa\u00f1ez<\/strong>, known by many as <strong>BTECH<\/strong>With more than <strong>12 years of experience<\/strong> In the field of technology, with a focus on PC optimization and assembly, BTECH &amp; RIGS was born with the goal of helping technology enthusiasts get the most out of their equipment. My passion for computers began at a young age, back in 2005, and has been a path of constant learning and growth.<\/p><p>I began my career building PCs for friends and family, and honed my skills under the guidance of mentors like Miguel \u00c1ngel V\u00e9lez and Christian V\u00e9lez. Over the years, I specialized in the <strong>equipment assembly<\/strong>, <strong>overclocking<\/strong> and the <strong>optimization for games<\/strong>providing customized solutions that guarantee superior performance in every piece of equipment.<\/p><p>In <strong>2020<\/strong>I decided to take the plunge and turn this passion into a full-time project. With the support of the community, clients, and colleagues like <strong>Mr-CableguyGaming<\/strong>We officially launched BTECH &amp; RIGS and established a space dedicated to elevating the gamer experience in Puerto Rico.<\/p><p>My mission is simple: <strong>provide specialized and high-quality technical service<\/strong>where every client receives the attention and commitment they deserve. As both a casual and competitive gamer, I understand the importance of having optimized equipment, and at BTECH &amp; RIGS I always strive to help my clients reach 100% of their potential.<\/p>\t\t\t\t\t\t\t\t<\/div>\n\t\t\t\t<\/div>\n\t\t\t\t<\/div>\n\t\t\t\t\t<\/div>\n\t\t\t\t<\/div>\n\t\t\t\t<section class=\"elementor-section elementor-top-section elementor-element elementor-element-fe2ec52 elementor-section-boxed elementor-section-height-default elementor-section-height-default\" data-id=\"fe2ec52\" data-element_type=\"section\" data-e-type=\"section\" data-settings=\"{&quot;background_background&quot;:&quot;classic&quot;}\">\n\t\t\t\t\t\t<div class=\"elementor-container elementor-column-gap-default\">\n\t\t\t\t\t<div class=\"elementor-column elementor-col-33 elementor-top-column elementor-element elementor-element-a2cf580\" data-id=\"a2cf580\" data-element_type=\"column\" data-e-type=\"column\">\n\t\t\t<div class=\"elementor-widget-wrap elementor-element-populated\">\n\t\t\t\t\t\t<div class=\"elementor-element elementor-element-fa6b974 elementor-widget elementor-widget-tpc-service\" data-id=\"fa6b974\" data-element_type=\"widget\" data-e-type=\"widget\" data-widget_type=\"tpc-service.default\">\n\t\t\t\t<div class=\"elementor-widget-container\">\n\t\t\t\t\t\t\t<div class=\"service-item-wrap service-item-1\">\n\t\t\n\t    <div class=\"service-item\">\n\n\t        <div class=\"shape-1\"><\/div>\n\n\t        <div class=\"shape-2\">\n\t        \t<img fetchpriority=\"high\" decoding=\"async\" width=\"428\" height=\"165\" src=\"https:\/\/btechandrigs.com\/wp-content\/uploads\/2021\/12\/SSBG32.png\" class=\"attachment-full size-full wp-image-307\" alt=\"\" srcset=\"https:\/\/btechandrigs.com\/wp-content\/uploads\/2021\/12\/SSBG32.png 428w, https:\/\/btechandrigs.com\/wp-content\/uploads\/2021\/12\/SSBG32-300x116.png 300w\" sizes=\"(max-width: 428px) 100vw, 428px\" \/>\t        <\/div>\n\n\t        <div class=\"service-icon\">\n\t        \t<img decoding=\"async\" width=\"99\" height=\"150\" src=\"https:\/\/btechandrigs.com\/wp-content\/uploads\/2022\/06\/icon@15x.png\" class=\"attachment-full size-full wp-image-15138\" alt=\"\" \/>\t        <\/div>\n\n\t        <div class=\"service-content\">\n\t            <h3 class=\"title\">\n\t                Superior Performance\t            <\/h3>\n\t            <p>Each optimization and overclocking service is designed to push your PC&#039;s performance beyond conventional limits. We focus on maximizing your system&#039;s capabilities so you can enjoy the best possible experience.<\/p>\n\t        <\/div>\n\n\t    <\/div>\n\n\t    \t<\/div>\n\n\t<!-- Layout 2 -->\n\t\t\t\t\t<\/div>\n\t\t\t\t<\/div>\n\t\t\t\t\t<\/div>\n\t\t<\/div>\n\t\t\t\t<div class=\"elementor-column elementor-col-33 elementor-top-column elementor-element elementor-element-4acc5e2\" data-id=\"4acc5e2\" data-element_type=\"column\" data-e-type=\"column\">\n\t\t\t<div class=\"elementor-widget-wrap elementor-element-populated\">\n\t\t\t\t\t\t<div class=\"elementor-element elementor-element-4a6909f elementor-widget elementor-widget-tpc-service\" data-id=\"4a6909f\" data-element_type=\"widget\" data-e-type=\"widget\" data-widget_type=\"tpc-service.default\">\n\t\t\t\t<div class=\"elementor-widget-container\">\n\t\t\t\t\t\t\t<div class=\"service-item-wrap service-item-1\">\n\t\t\n\t    <div class=\"service-item\">\n\n\t        <div class=\"shape-1\"><\/div>\n\n\t        <div class=\"shape-2\">\n\t        \t<img fetchpriority=\"high\" decoding=\"async\" width=\"428\" height=\"165\" src=\"https:\/\/btechandrigs.com\/wp-content\/uploads\/2021\/12\/SSBG32.png\" class=\"attachment-full size-full wp-image-307\" alt=\"\" srcset=\"https:\/\/btechandrigs.com\/wp-content\/uploads\/2021\/12\/SSBG32.png 428w, https:\/\/btechandrigs.com\/wp-content\/uploads\/2021\/12\/SSBG32-300x116.png 300w\" sizes=\"(max-width: 428px) 100vw, 428px\" \/>\t        <\/div>\n\n\t        <div class=\"service-icon\">\n\t        \t<img decoding=\"async\" width=\"101\" height=\"150\" src=\"https:\/\/btechandrigs.com\/wp-content\/uploads\/2022\/06\/2img@15x.png\" class=\"attachment-large size-large wp-image-15135\" alt=\"\" \/>\t        <\/div>\n\n\t        <div class=\"service-content\">\n\t            <h3 class=\"title\">\n\t                Customized Solutions\t            <\/h3>\n\t            <p>We understand that every user has unique needs. Whether for gaming, work, or editing, we tailor our solutions to offer you a device that perfectly suits your style and requirements.<\/p>\n\t        <\/div>\n\n\t    <\/div>\n\n\t    \t<\/div>\n\n\t<!-- Layout 2 -->\n\t\t\t\t\t<\/div>\n\t\t\t\t<\/div>\n\t\t\t\t\t<\/div>\n\t\t<\/div>\n\t\t\t\t<div class=\"elementor-column elementor-col-33 elementor-top-column elementor-element elementor-element-90b9f72\" data-id=\"90b9f72\" data-element_type=\"column\" data-e-type=\"column\">\n\t\t\t<div class=\"elementor-widget-wrap elementor-element-populated\">\n\t\t\t\t\t\t<div class=\"elementor-element elementor-element-6a79736 elementor-widget elementor-widget-tpc-service\" data-id=\"6a79736\" data-element_type=\"widget\" data-e-type=\"widget\" data-widget_type=\"tpc-service.default\">\n\t\t\t\t<div class=\"elementor-widget-container\">\n\t\t\t\t\t\t\t<div class=\"service-item-wrap service-item-1\">\n\t\t\n\t    <div class=\"service-item\">\n\n\t        <div class=\"shape-1\"><\/div>\n\n\t        <div class=\"shape-2\">\n\t        \t<img fetchpriority=\"high\" decoding=\"async\" width=\"428\" height=\"165\" src=\"https:\/\/btechandrigs.com\/wp-content\/uploads\/2021\/12\/SSBG32.png\" class=\"attachment-full size-full wp-image-307\" alt=\"\" srcset=\"https:\/\/btechandrigs.com\/wp-content\/uploads\/2021\/12\/SSBG32.png 428w, https:\/\/btechandrigs.com\/wp-content\/uploads\/2021\/12\/SSBG32-300x116.png 300w\" sizes=\"(max-width: 428px) 100vw, 428px\" \/>\t        <\/div>\n\n\t        <div class=\"service-icon\">\n\t        \t<img loading=\"lazy\" decoding=\"async\" width=\"120\" height=\"150\" src=\"https:\/\/btechandrigs.com\/wp-content\/uploads\/2022\/06\/4icon@15x.png\" class=\"attachment-large size-large wp-image-15137\" alt=\"\" \/>\t        <\/div>\n\n\t        <div class=\"service-content\">\n\t            <h3 class=\"title\">\n\t                Professional Maintenance\t            <\/h3>\n\t            <p>Our maintenance services go beyond surface cleaning. We perform detailed inspections and optimizations to ensure your equipment remains in top condition for the long term.<\/p>\n\t        <\/div>\n\n\t    <\/div>\n\n\t    \t<\/div>\n\n\t<!-- Layout 2 -->\n\t\t\t\t\t<\/div>\n\t\t\t\t<\/div>\n\t\t\t\t\t<\/div>\n\t\t<\/div>\n\t\t\t\t\t<\/div>\n\t\t<\/section>\n\t\t\t\t<section class=\"elementor-section elementor-top-section elementor-element elementor-element-15c98b6 elementor-section-boxed elementor-section-height-default elementor-section-height-default\" data-id=\"15c98b6\" data-element_type=\"section\" data-e-type=\"section\" data-settings=\"{&quot;background_background&quot;:&quot;classic&quot;}\">\n\t\t\t\t\t\t<div class=\"elementor-container elementor-column-gap-default\">\n\t\t\t\t\t<div class=\"elementor-column elementor-col-100 elementor-top-column elementor-element elementor-element-1fb0afc\" data-id=\"1fb0afc\" data-element_type=\"column\" data-e-type=\"column\">\n\t\t\t<div class=\"elementor-widget-wrap elementor-element-populated\">\n\t\t\t\t\t\t<div class=\"elementor-element elementor-element-c9ccf98 elementor-widget elementor-widget-heading\" data-id=\"c9ccf98\" data-element_type=\"widget\" data-e-type=\"widget\" data-settings=\"{&quot;_animation&quot;:&quot;none&quot;}\" data-widget_type=\"heading.default\">\n\t\t\t\t<div class=\"elementor-widget-container\">\n\t\t\t\t\t<h2 class=\"elementor-heading-title elementor-size-default\">12+<\/h2>\t\t\t\t<\/div>\n\t\t\t\t<\/div>\n\t\t\t\t<div class=\"elementor-element elementor-element-d312340 elementor-widget elementor-widget-heading\" data-id=\"d312340\" data-element_type=\"widget\" data-e-type=\"widget\" data-widget_type=\"heading.default\">\n\t\t\t\t<div class=\"elementor-widget-container\">\n\t\t\t\t\t<h2 class=\"elementor-heading-title elementor-size-default\">Years of Experience<\/h2>\t\t\t\t<\/div>\n\t\t\t\t<\/div>\n\t\t\t\t<div class=\"elementor-element elementor-element-5db7e28 aleft elementor-widget elementor-widget-tpc-double-headings\" data-id=\"5db7e28\" data-element_type=\"widget\" data-e-type=\"widget\" data-widget_type=\"tpc-double-headings.default\">\n\t\t\t\t<div class=\"elementor-widget-container\">\n\t\t\t\t\t<div class=\"tpc-double_heading\"><h3 class=\"dbl__title-wrapper\">                                    <span class=\"dbl__title dbl-title_1\">We have been providing for over a decade <\/span><span class=\"dbl__title dbl-title_2\"> Customized solutions in PC optimization and assembly<\/span><span class=\"dbl__title dbl-title_3\"> always guaranteeing maximum performance and the best quality for our customers.<\/span><\/h3><\/div>\t\t\t\t<\/div>\n\t\t\t\t<\/div>\n\t\t\t\t\t<\/div>\n\t\t<\/div>\n\t\t\t\t\t<\/div>\n\t\t<\/section>\n\t\t\t\t<\/div>","protected":false},"excerpt":{"rendered":"<p>Mi nombre es Brayan N\u00fa\u00f1ez, conocido por muchos como BTECH. Con m\u00e1s de 12 a\u00f1os de experiencia en el campo de la tecnolog\u00eda y un enfoque en la optimizaci\u00f3n y ensamblaje de PCs, BTECH &amp; RIGS nace con el objetivo de ayudar a los entusiastas de la tecnolog\u00eda a obtener el m\u00e1ximo rendimiento de sus [&hellip;]<\/p>\n","protected":false},"author":1,"featured_media":0,"parent":0,"menu_order":0,"comment_status":"closed","ping_status":"closed","template":"","meta":{"om_disable_all_campaigns":false,"_monsterinsights_skip_tracking":false,"_monsterinsights_sitenote_active":false,"_monsterinsights_sitenote_note":"","_monsterinsights_sitenote_category":0,"_joinchat":[],"footnotes":""},"class_list":["post-10165","page","type-page","status-publish","hentry"],"_links":{"self":[{"href":"https:\/\/btechandrigs.com\/en\/wp-json\/wp\/v2\/pages\/10165","targetHints":{"allow":["GET"]}}],"collection":[{"href":"https:\/\/btechandrigs.com\/en\/wp-json\/wp\/v2\/pages"}],"about":[{"href":"https:\/\/btechandrigs.com\/en\/wp-json\/wp\/v2\/types\/page"}],"author":[{"embeddable":true,"href":"https:\/\/btechandrigs.com\/en\/wp-json\/wp\/v2\/users\/1"}],"replies":[{"embeddable":true,"href":"https:\/\/btechandrigs.com\/en\/wp-json\/wp\/v2\/comments?post=10165"}],"version-history":[{"count":0,"href":"https:\/\/btechandrigs.com\/en\/wp-json\/wp\/v2\/pages\/10165\/revisions"}],"wp:attachment":[{"href":"https:\/\/btechandrigs.com\/en\/wp-json\/wp\/v2\/media?parent=10165"}],"curies":[{"name":"wp","href":"https:\/\/api.w.org\/{rel}","templated":true}]}}